{"id":53,"date":"2019-04-18T11:16:34","date_gmt":"2019-04-18T11:16:34","guid":{"rendered":"https:\/\/envothemes.com\/envo-ecommerce\/?page_id=53"},"modified":"2026-01-27T08:20:21","modified_gmt":"2026-01-27T08:20:21","slug":"precision-massage-domicile-megeve","status":"publish","type":"page","link":"https:\/\/www.massage-sandra.com\/index.php\/precision-massage-domicile-megeve\/","title":{"rendered":"A propos"},"content":{"rendered":"\t\t<div data-elementor-type=\"wp-post\" data-elementor-id=\"53\" class=\"elementor elementor-53\">\n\t\t\t\t\t\t<section class=\"elementor-section elementor-top-section elementor-element elementor-element-224b9b6 elementor-section-full_width elementor-section-height-default elementor-section-height-default\" data-id=\"224b9b6\" data-element_type=\"section\" data-settings=\"{&quot;background_background&quot;:&quot;classic&quot;,&quot;shape_divider_bottom&quot;:&quot;tilt&quot;}\">\n\t\t\t\t\t\t\t<div class=\"elementor-background-overlay\"><\/div>\n\t\t\t\t\t\t<div class=\"elementor-shape elementor-shape-bottom\" aria-hidden=\"true\" data-negative=\"false\">\n\t\t\t<svg xmlns=\"http:\/\/www.w3.org\/2000\/svg\" viewBox=\"0 0 1000 100\" preserveAspectRatio=\"none\">\n\t<path class=\"elementor-shape-fill\" d=\"M0,6V0h1000v100L0,6z\"\/>\n<\/svg>\t\t<\/div>\n\t\t\t\t\t<div class=\"elementor-container elementor-column-gap-default\">\n\t\t\t\t\t<div class=\"elementor-column elementor-col-100 elementor-top-column elementor-element elementor-element-d0f980b\" data-id=\"d0f980b\" data-element_type=\"column\">\n\t\t\t<div class=\"elementor-widget-wrap elementor-element-populated\">\n\t\t\t\t\t\t<section class=\"elementor-section elementor-inner-section elementor-element elementor-element-231d5ba elementor-section-boxed elementor-section-height-default elementor-section-height-default\" data-id=\"231d5ba\" data-element_type=\"section\">\n\t\t\t\t\t\t<div class=\"elementor-container elementor-column-gap-default\">\n\t\t\t\t\t<div class=\"elementor-column elementor-col-100 elementor-inner-column elementor-element elementor-element-2c9489b\" data-id=\"2c9489b\" data-element_type=\"column\">\n\t\t\t<div class=\"elementor-widget-wrap elementor-element-populated\">\n\t\t\t\t\t\t<div class=\"elementor-element elementor-element-2d06514 elementor-widget elementor-widget-heading\" data-id=\"2d06514\" data-element_type=\"widget\" data-widget_type=\"heading.default\">\n\t\t\t\t\t<h2 class=\"elementor-heading-title elementor-size-default\">Qui suis-je ?<\/h2>\t\t\t\t<\/div>\n\t\t\t\t<div class=\"elementor-element elementor-element-e02ce18 elementor-widget elementor-widget-heading\" data-id=\"e02ce18\" data-element_type=\"widget\" data-widget_type=\"heading.default\">\n\t\t\t\t\t<h5 class=\"elementor-heading-title elementor-size-default\">Praticienne de massage \u00e0 domicile dans les Alpes et le Pays Basque.<\/h5>\t\t\t\t<\/div>\n\t\t\t\t\t<\/div>\n\t\t<\/div>\n\t\t\t\t\t<\/div>\n\t\t<\/section>\n\t\t\t\t\t<\/div>\n\t\t<\/div>\n\t\t\t\t\t<\/div>\n\t\t<\/section>\n\t\t\t\t<section class=\"elementor-section elementor-top-section elementor-element elementor-element-9a8bc7c elementor-section-boxed elementor-section-height-default elementor-section-height-default\" data-id=\"9a8bc7c\" data-element_type=\"section\">\n\t\t\t\t\t\t<div class=\"elementor-container elementor-column-gap-default\">\n\t\t\t\t\t<div class=\"elementor-column elementor-col-50 elementor-top-column elementor-element elementor-element-600fc55 animated-slow elementor-invisible\" data-id=\"600fc55\" data-element_type=\"column\" data-settings=\"{&quot;animation&quot;:&quot;fadeInLeft&quot;}\">\n\t\t\t<div class=\"elementor-widget-wrap elementor-element-populated\">\n\t\t\t\t\t\t<div class=\"elementor-element elementor-element-6da43f9 elementor-widget__width-initial elementor-widget-divider--view-line elementor-widget elementor-widget-divider\" data-id=\"6da43f9\" data-element_type=\"widget\" data-widget_type=\"divider.default\">\n\t\t\t\t\t\t\t<div class=\"elementor-divider\">\n\t\t\t<span class=\"elementor-divider-separator\">\n\t\t\t\t\t\t<\/span>\n\t\t<\/div>\n\t\t\t\t\t\t<\/div>\n\t\t\t\t<div class=\"elementor-element elementor-element-1694963 elementor-widget__width-auto elementor-widget elementor-widget-heading\" data-id=\"1694963\" data-element_type=\"widget\" data-settings=\"{&quot;_animation&quot;:&quot;none&quot;,&quot;_animation_delay&quot;:300}\" data-widget_type=\"heading.default\">\n\t\t\t\t\t<h3 class=\"elementor-heading-title elementor-size-default\">Bonjour<\/h3>\t\t\t\t<\/div>\n\t\t\t\t<div class=\"elementor-element elementor-element-76e2d41 elementor-widget elementor-widget-heading\" data-id=\"76e2d41\" data-element_type=\"widget\" data-widget_type=\"heading.default\">\n\t\t\t\t\t<h2 class=\"elementor-heading-title elementor-size-default\">Praticienne de massage<\/h2>\t\t\t\t<\/div>\n\t\t\t\t<div class=\"elementor-element elementor-element-dbb89d1 elementor-widget elementor-widget-text-editor\" data-id=\"dbb89d1\" data-element_type=\"widget\" data-widget_type=\"text-editor.default\">\n\t\t\t\t\t\t\t\t\t<p data-start=\"194\" data-end=\"509\">Je m\u2019appelle <strong>Sandra<\/strong>. Apr\u00e8s plus de 10 ans d\u2019exp\u00e9rience au sein d\u2019entreprises multinationales, \u00e0 des postes de responsable communication et marketing, j\u2019ai ressenti le besoin profond de donner un nouveau <strong>sens<\/strong> \u00e0 ma vie professionnelle. <br \/>Ce rythme intense et cet environnement exigeant ne correspondaient plus \u00e0 mes valeurs.<br \/>J\u2019ai alors choisi de me rapprocher de la <strong>nature<\/strong> et du<strong> bien-\u00eatre<\/strong>, pour offrir aux autres ce qui me manquait moi-m\u00eame : du <strong>temps<\/strong>, de la <strong>relaxation<\/strong> et du <strong>l\u00e2cher-prise<\/strong>. <br \/><br \/>Il y a aujourd\u2019hui 6 ans, j\u2019ai tout quitt\u00e9 pour me former au <strong>massage bien-\u00eatre<\/strong> et devenir praticienne professionnelle. <br \/>Form\u00e9e dans plusieurs \u00e9coles de massage \u00e0 Paris, dont l\u2019\u00c9cole Internationale du Spa o\u00f9 je me suis sp\u00e9cialis\u00e9e en massage <strong>musculaire<\/strong> (<strong>r\u00e9cup\u00e9ration sportive, massage su\u00e9dois, deep tissue, massage cranio-musculaire et \u00e9tirements passifs<\/strong>), j\u2019ai compl\u00e9t\u00e9 mon approche par de nombreuses formations sp\u00e9cifiques : <strong>drainage, r\u00e9flexologie plantaire tha\u00ef, Kobido, pierres chaudes, massage californien et massage du cr\u00e2ne<\/strong>. <br \/><br \/>Mon parcours, au sein de <strong>spas h\u00f4teliers haut de gamme<\/strong>, de centres de <strong>thalassoth\u00e9rapie<\/strong> et en <strong>soins \u00e0 domicile<\/strong>, m\u2019a permis de d\u00e9velopper une technicit\u00e9 approfondie, mais surtout une grande capacit\u00e9 <strong>d\u2019\u00e9coute<\/strong> et <strong>d\u2019adaptation<\/strong> aux besoins de chaque receveur. <br \/>Aujourd\u2019hui, j\u2019accompagne mes clients \u00e0 <strong>Meg\u00e8ve<\/strong>, <strong>Biarritz<\/strong> et leurs alentours, \u00e0 domicile ou en \u00e9tablissements <strong>h\u00f4teliers<\/strong>, avec l\u2019envie d\u2019offrir une v\u00e9ritable parenth\u00e8se de <strong>d\u00e9tente<\/strong>, dans le <strong>respect<\/strong>, la <strong>confiance<\/strong> et la <strong>s\u00e9r\u00e9nit\u00e9<\/strong>.<\/p>\t\t\t\t\t\t\t\t<\/div>\n\t\t\t\t\t<\/div>\n\t\t<\/div>\n\t\t\t\t<div class=\"elementor-column elementor-col-50 elementor-top-column elementor-element elementor-element-b16bf7b\" data-id=\"b16bf7b\" data-element_type=\"column\">\n\t\t\t<div class=\"elementor-widget-wrap elementor-element-populated\">\n\t\t\t\t\t\t<div class=\"elementor-element elementor-element-b6bf83b elementor-widget elementor-widget-image\" data-id=\"b6bf83b\" data-element_type=\"widget\" data-widget_type=\"image.default\">\n\t\t\t\t\t\t\t\t\t\t\t\t\t\t\t<img fetchpriority=\"high\" decoding=\"async\" width=\"1536\" height=\"2048\" src=\"https:\/\/www.massage-sandra.com\/wp-content\/uploads\/2026\/01\/IMG_7606-1536x2048.jpg\" class=\"attachment-2048x2048 size-2048x2048 wp-image-834\" alt=\"\" srcset=\"https:\/\/www.massage-sandra.com\/wp-content\/uploads\/2026\/01\/IMG_7606-1536x2048.jpg 1536w, https:\/\/www.massage-sandra.com\/wp-content\/uploads\/2026\/01\/IMG_7606-225x300.jpg 225w, https:\/\/www.massage-sandra.com\/wp-content\/uploads\/2026\/01\/IMG_7606-768x1024.jpg 768w, https:\/\/www.massage-sandra.com\/wp-content\/uploads\/2026\/01\/IMG_7606-1152x1536.jpg 1152w, https:\/\/www.massage-sandra.com\/wp-content\/uploads\/2026\/01\/IMG_7606-scaled.jpg 1920w\" sizes=\"(max-width: 1536px) 100vw, 1536px\" \/>\t\t\t\t\t\t\t\t\t\t\t\t\t\t\t<\/div>\n\t\t\t\t\t<\/div>\n\t\t<\/div>\n\t\t\t\t\t<\/div>\n\t\t<\/section>\n\t\t\t\t<section class=\"elementor-section elementor-top-section elementor-element elementor-element-9e9a9ca elementor-section-boxed elementor-section-height-default elementor-section-height-default\" data-id=\"9e9a9ca\" data-element_type=\"section\">\n\t\t\t\t\t\t<div class=\"elementor-container elementor-column-gap-default\">\n\t\t\t\t\t<div class=\"elementor-column elementor-col-50 elementor-top-column elementor-element elementor-element-1e55b3f\" data-id=\"1e55b3f\" data-element_type=\"column\">\n\t\t\t<div class=\"elementor-widget-wrap elementor-element-populated\">\n\t\t\t\t\t\t<div class=\"elementor-element elementor-element-e425e9e elementor-widget elementor-widget-image\" data-id=\"e425e9e\" data-element_type=\"widget\" data-widget_type=\"image.default\">\n\t\t\t\t\t\t\t\t\t\t\t\t\t\t\t<img decoding=\"async\" width=\"2560\" height=\"1920\" src=\"https:\/\/www.massage-sandra.com\/wp-content\/uploads\/2026\/01\/IMG_7620-copie.jpg\" class=\"attachment-full size-full wp-image-865\" alt=\"\" srcset=\"https:\/\/www.massage-sandra.com\/wp-content\/uploads\/2026\/01\/IMG_7620-copie.jpg 2560w, https:\/\/www.massage-sandra.com\/wp-content\/uploads\/2026\/01\/IMG_7620-copie-300x225.jpg 300w, https:\/\/www.massage-sandra.com\/wp-content\/uploads\/2026\/01\/IMG_7620-copie-1024x768.jpg 1024w, https:\/\/www.massage-sandra.com\/wp-content\/uploads\/2026\/01\/IMG_7620-copie-768x576.jpg 768w, https:\/\/www.massage-sandra.com\/wp-content\/uploads\/2026\/01\/IMG_7620-copie-1536x1152.jpg 1536w, https:\/\/www.massage-sandra.com\/wp-content\/uploads\/2026\/01\/IMG_7620-copie-2048x1536.jpg 2048w\" sizes=\"(max-width: 2560px) 100vw, 2560px\" \/>\t\t\t\t\t\t\t\t\t\t\t\t\t\t\t<\/div>\n\t\t\t\t\t<\/div>\n\t\t<\/div>\n\t\t\t\t<div class=\"elementor-column elementor-col-50 elementor-top-column elementor-element elementor-element-77980f6 animated-slow elementor-invisible\" data-id=\"77980f6\" data-element_type=\"column\" data-settings=\"{&quot;animation&quot;:&quot;fadeInLeft&quot;}\">\n\t\t\t<div class=\"elementor-widget-wrap elementor-element-populated\">\n\t\t\t\t\t\t<div class=\"elementor-element elementor-element-63ac6d5 elementor-widget__width-initial elementor-widget-divider--view-line elementor-widget elementor-widget-divider\" data-id=\"63ac6d5\" data-element_type=\"widget\" data-widget_type=\"divider.default\">\n\t\t\t\t\t\t\t<div class=\"elementor-divider\">\n\t\t\t<span class=\"elementor-divider-separator\">\n\t\t\t\t\t\t<\/span>\n\t\t<\/div>\n\t\t\t\t\t\t<\/div>\n\t\t\t\t<div class=\"elementor-element elementor-element-78a6bad elementor-widget__width-auto elementor-widget elementor-widget-heading\" data-id=\"78a6bad\" data-element_type=\"widget\" data-settings=\"{&quot;_animation&quot;:&quot;none&quot;,&quot;_animation_delay&quot;:300}\" data-widget_type=\"heading.default\">\n\t\t\t\t\t<h3 class=\"elementor-heading-title elementor-size-default\">Mes prestations<\/h3>\t\t\t\t<\/div>\n\t\t\t\t<div class=\"elementor-element elementor-element-5a2c428 elementor-widget elementor-widget-heading\" data-id=\"5a2c428\" data-element_type=\"widget\" data-widget_type=\"heading.default\">\n\t\t\t\t\t<h2 class=\"elementor-heading-title elementor-size-default\">Decouvrez mes massages<\/h2>\t\t\t\t<\/div>\n\t\t\t\t<div class=\"elementor-element elementor-element-a0a3290 elementor-widget elementor-widget-text-editor\" data-id=\"a0a3290\" data-element_type=\"widget\" data-widget_type=\"text-editor.default\">\n\t\t\t\t\t\t\t\t\t<p>Je propose une gamme de massages adapt\u00e9s \u00e0 vos besoins, r\u00e9alis\u00e9s chez vous, \u00e0 Meg\u00e8ve &amp; Biarritz. D\u00e9couvrez chacun de ces soins, con\u00e7us pour votre bien-\u00eatre et votre \u00e9quilibre.<\/p>\t\t\t\t\t\t\t\t<\/div>\n\t\t\t\t<div class=\"elementor-element elementor-element-63c2d13 elementor-widget elementor-widget-button\" data-id=\"63c2d13\" data-element_type=\"widget\" data-widget_type=\"button.default\">\n\t\t\t\t\t\t\t\t\t\t<a class=\"elementor-button elementor-button-link elementor-size-md\" href=\"https:\/\/www.massage-sandra.com\/index.php\/mes-massages\/\">\n\t\t\t\t\t\t<span class=\"elementor-button-content-wrapper\">\n\t\t\t\t\t\t<span class=\"elementor-button-icon\">\n\t\t\t\t<i aria-hidden=\"true\" class=\"icon icon-right-arrow\"><\/i>\t\t\t<\/span>\n\t\t\t\t\t\t\t\t\t<span class=\"elementor-button-text\">En savoir plus<\/span>\n\t\t\t\t\t<\/span>\n\t\t\t\t\t<\/a>\n\t\t\t\t\t\t\t\t<\/div>\n\t\t\t\t\t<\/div>\n\t\t<\/div>\n\t\t\t\t\t<\/div>\n\t\t<\/section>\n\t\t\t\t<section class=\"elementor-section elementor-top-section elementor-element elementor-element-5bbc835 elementor-section-content-middle elementor-section-boxed elementor-section-height-default elementor-section-height-default\" data-id=\"5bbc835\" data-element_type=\"section\" data-settings=\"{&quot;background_background&quot;:&quot;classic&quot;,&quot;shape_divider_top&quot;:&quot;tilt&quot;}\">\n\t\t\t\t\t\t\t<div class=\"elementor-background-overlay\"><\/div>\n\t\t\t\t\t\t<div class=\"elementor-shape elementor-shape-top\" aria-hidden=\"true\" data-negative=\"false\">\n\t\t\t<svg xmlns=\"http:\/\/www.w3.org\/2000\/svg\" viewBox=\"0 0 1000 100\" preserveAspectRatio=\"none\">\n\t<path class=\"elementor-shape-fill\" d=\"M0,6V0h1000v100L0,6z\"\/>\n<\/svg>\t\t<\/div>\n\t\t\t\t\t<div class=\"elementor-container elementor-column-gap-default\">\n\t\t\t\t\t<div class=\"elementor-column elementor-col-100 elementor-top-column elementor-element elementor-element-c9da9d1\" data-id=\"c9da9d1\" data-element_type=\"column\">\n\t\t\t<div class=\"elementor-widget-wrap\">\n\t\t\t\t\t\t\t<\/div>\n\t\t<\/div>\n\t\t\t\t\t<\/div>\n\t\t<\/section>\n\t\t\t\t<\/div>\n\t\t","protected":false},"excerpt":{"rendered":"<p>Qui suis-je ? Praticienne de massage \u00e0 domicile dans les Alpes et le Pays Basque. Bonjour Praticienne de massage Je m\u2019appelle Sandra. Apr\u00e8s plus de 10 ans d\u2019exp\u00e9rience au sein d\u2019entreprises multinationales, \u00e0 des postes de responsable communication et marketing, j\u2019ai ressenti le besoin profond de donner un nouveau sens \u00e0 ma vie professionnelle. Ce rythme intense et cet environnement exigeant ne correspondaient plus \u00e0 mes valeurs.J\u2019ai alors choisi de me rapprocher de la nature et du bien-\u00eatre, pour offrir aux autres ce qui me manquait moi-m\u00eame : du temps, de la relaxation et du l\u00e2cher-prise. Il y a aujourd\u2019hui 6 ans, j\u2019ai tout quitt\u00e9 pour me former au massage bien-\u00eatre et devenir praticienne professionnelle. Form\u00e9e dans plusieurs&hellip;<\/p>\n","protected":false},"author":1,"featured_media":0,"parent":0,"menu_order":0,"comment_status":"closed","ping_status":"closed","template":"template-parts\/template-page-builders.php","meta":{"footnotes":""},"class_list":["post-53","page","type-page","status-publish","hentry"],"_links":{"self":[{"href":"https:\/\/www.massage-sandra.com\/index.php\/wp-json\/wp\/v2\/pages\/53","targetHints":{"allow":["GET"]}}],"collection":[{"href":"https:\/\/www.massage-sandra.com\/index.php\/wp-json\/wp\/v2\/pages"}],"about":[{"href":"https:\/\/www.massage-sandra.com\/index.php\/wp-json\/wp\/v2\/types\/page"}],"author":[{"embeddable":true,"href":"https:\/\/www.massage-sandra.com\/index.php\/wp-json\/wp\/v2\/users\/1"}],"replies":[{"embeddable":true,"href":"https:\/\/www.massage-sandra.com\/index.php\/wp-json\/wp\/v2\/comments?post=53"}],"version-history":[{"count":25,"href":"https:\/\/www.massage-sandra.com\/index.php\/wp-json\/wp\/v2\/pages\/53\/revisions"}],"predecessor-version":[{"id":1104,"href":"https:\/\/www.massage-sandra.com\/index.php\/wp-json\/wp\/v2\/pages\/53\/revisions\/1104"}],"wp:attachment":[{"href":"https:\/\/www.massage-sandra.com\/index.php\/wp-json\/wp\/v2\/media?parent=53"}],"curies":[{"name":"wp","href":"https:\/\/api.w.org\/{rel}","templated":true}]}}