{"id":48,"date":"2019-04-18T11:12:45","date_gmt":"2019-04-18T11:12:45","guid":{"rendered":"https:\/\/envothemes.com\/envo-ecommerce\/?page_id=48"},"modified":"2026-01-09T16:25:11","modified_gmt":"2026-01-09T16:25:11","slug":"contactez-massage-domicile","status":"publish","type":"page","link":"https:\/\/www.massage-sandra.com\/index.php\/contactez-massage-domicile\/","title":{"rendered":"Contactez moi"},"content":{"rendered":"\t\t<div data-elementor-type=\"wp-post\" data-elementor-id=\"48\" class=\"elementor elementor-48\">\n\t\t\t\t\t\t<section class=\"elementor-section elementor-top-section elementor-element elementor-element-2eccec9 elementor-section-full_width elementor-section-height-default elementor-section-height-default\" data-id=\"2eccec9\" data-element_type=\"section\" data-settings=\"{&quot;background_background&quot;:&quot;classic&quot;}\">\n\t\t\t\t\t\t\t<div class=\"elementor-background-overlay\"><\/div>\n\t\t\t\t\t\t\t<div class=\"elementor-container elementor-column-gap-default\">\n\t\t\t\t\t<div class=\"elementor-column elementor-col-100 elementor-top-column elementor-element elementor-element-405015e\" data-id=\"405015e\" data-element_type=\"column\">\n\t\t\t<div class=\"elementor-widget-wrap elementor-element-populated\">\n\t\t\t\t\t\t<div class=\"elementor-element elementor-element-17686c2 elementor-widget elementor-widget-link-in-bio\" data-id=\"17686c2\" data-element_type=\"widget\" data-widget_type=\"link-in-bio.default\">\n\t\t\t\t<div class=\"elementor-widget-container\">\n\t\t\t\t\t\t\t<div class=\"e-link-in-bio e-link-in-bio\">\n\t\t\t<div class=\"e-link-in-bio__content\">\n\n\t\t\t\t\t\t<div class=\"e-link-in-bio__identity\">\n\t\t\t\t\t\t\t\t\t<div class=\"e-link-in-bio__identity-image e-link-in-bio__identity-image-profile has-style-circle\">\n\t\t\t\t\t\t\t<img fetchpriority=\"high\" decoding=\"async\" width=\"300\" height=\"225\" src=\"https:\/\/www.massage-sandra.com\/wp-content\/uploads\/2026\/01\/IMG_4586-300x225.jpg\" class=\"e-link-in-bio__identity-image-element\" alt=\"\" srcset=\"https:\/\/www.massage-sandra.com\/wp-content\/uploads\/2026\/01\/IMG_4586-300x225.jpg 300w, https:\/\/www.massage-sandra.com\/wp-content\/uploads\/2026\/01\/IMG_4586-1024x768.jpg 1024w, https:\/\/www.massage-sandra.com\/wp-content\/uploads\/2026\/01\/IMG_4586-768x576.jpg 768w, https:\/\/www.massage-sandra.com\/wp-content\/uploads\/2026\/01\/IMG_4586-1536x1152.jpg 1536w, https:\/\/www.massage-sandra.com\/wp-content\/uploads\/2026\/01\/IMG_4586-2048x1536.jpg 2048w\" sizes=\"(max-width: 300px) 100vw, 300px\" \/>\t\t\t\t\t\t\t\t\t\t\t\t\t<\/div>\n\t\t\t\t\t\t\t<\/div>\n\t\t\t\t\t<div class=\"e-link-in-bio__bio\">\n\t\t\t\t<h2 class=\"e-link-in-bio__heading\">Sandra Visentin<\/h2>\t\t\t\t<h3 class=\"e-link-in-bio__title\">Massoth\u00e9rapeute<\/h3>\t\t\t\t\t\t\t\t<p class=\"e-link-in-bio__description\">+33 6 52 67 39 18\nsandravisentin@gmail.com\n<\/p>\t\t\t<\/div>\n\t\t\t\t\t<div class=\"e-link-in-bio__icons has-size-large\">\n\t\t\t\t\t\t\t<div class=\"e-link-in-bio__icon is-size-large\">\n\t\t\t\t\t<a aria-label=\"WhatsApp\" class=\"e-link-in-bio__icon-link\" href=\"https:\/\/wa.me\/+33652673918\">\n\t\t\t\t\t\t<span class=\"e-link-in-bio__icon-svg\">\n\t\t\t\t\t\t\t<svg aria-hidden=\"true\" class=\"e-font-icon-svg e-fab-whatsapp\" viewBox=\"0 0 448 512\" xmlns=\"http:\/\/www.w3.org\/2000\/svg\"><path d=\"M380.9 97.1C339 55.1 283.2 32 223.9 32c-122.4 0-222 99.6-222 222 0 39.1 10.2 77.3 29.6 111L0 480l117.7-30.9c32.4 17.7 68.9 27 106.1 27h.1c122.3 0 224.1-99.6 224.1-222 0-59.3-25.2-115-67.1-157zm-157 341.6c-33.2 0-65.7-8.9-94-25.7l-6.7-4-69.8 18.3L72 359.2l-4.4-7c-18.5-29.4-28.2-63.3-28.2-98.2 0-101.7 82.8-184.5 184.6-184.5 49.3 0 95.6 19.2 130.4 54.1 34.8 34.9 56.2 81.2 56.1 130.5 0 101.8-84.9 184.6-186.6 184.6zm101.2-138.2c-5.5-2.8-32.8-16.2-37.9-18-5.1-1.9-8.8-2.8-12.5 2.8-3.7 5.6-14.3 18-17.6 21.8-3.2 3.7-6.5 4.2-12 1.4-32.6-16.3-54-29.1-75.5-66-5.7-9.8 5.7-9.1 16.3-30.3 1.8-3.7.9-6.9-.5-9.7-1.4-2.8-12.5-30.1-17.1-41.2-4.5-10.8-9.1-9.3-12.5-9.5-3.2-.2-6.9-.2-10.6-.2-3.7 0-9.7 1.4-14.8 6.9-5.1 5.6-19.4 19-19.4 46.3 0 27.3 19.9 53.7 22.6 57.4 2.8 3.7 39.1 59.7 94.8 83.8 35.2 15.2 49 16.5 66.6 13.9 10.7-1.6 32.8-13.4 37.4-26.4 4.6-13 4.6-24.1 3.2-26.4-1.3-2.5-5-3.9-10.5-6.6z\"><\/path><\/svg>\t\t\t\t\t\t<\/span>\n\t\t\t\t\t\t\t\t\t\t\t<\/a>\n\t\t\t\t<\/div>\n\t\t\t\t\t\t\t<div class=\"e-link-in-bio__icon is-size-large\">\n\t\t\t\t\t<a href=\"https:\/\/www.instagram.com\/sandra_massage.domicile\" target=\"_blank\" rel=\"noopener \" aria-label=\"Instagram\" class=\"e-link-in-bio__icon-link\">\n\t\t\t\t\t\t<span class=\"e-link-in-bio__icon-svg\">\n\t\t\t\t\t\t\t<svg aria-hidden=\"true\" class=\"e-font-icon-svg e-fab-instagram\" viewBox=\"0 0 448 512\" xmlns=\"http:\/\/www.w3.org\/2000\/svg\"><path d=\"M224.1 141c-63.6 0-114.9 51.3-114.9 114.9s51.3 114.9 114.9 114.9S339 319.5 339 255.9 287.7 141 224.1 141zm0 189.6c-41.1 0-74.7-33.5-74.7-74.7s33.5-74.7 74.7-74.7 74.7 33.5 74.7 74.7-33.6 74.7-74.7 74.7zm146.4-194.3c0 14.9-12 26.8-26.8 26.8-14.9 0-26.8-12-26.8-26.8s12-26.8 26.8-26.8 26.8 12 26.8 26.8zm76.1 27.2c-1.7-35.9-9.9-67.7-36.2-93.9-26.2-26.2-58-34.4-93.9-36.2-37-2.1-147.9-2.1-184.9 0-35.8 1.7-67.6 9.9-93.9 36.1s-34.4 58-36.2 93.9c-2.1 37-2.1 147.9 0 184.9 1.7 35.9 9.9 67.7 36.2 93.9s58 34.4 93.9 36.2c37 2.1 147.9 2.1 184.9 0 35.9-1.7 67.7-9.9 93.9-36.2 26.2-26.2 34.4-58 36.2-93.9 2.1-37 2.1-147.8 0-184.8zM398.8 388c-7.8 19.6-22.9 34.7-42.6 42.6-29.5 11.7-99.5 9-132.1 9s-102.7 2.6-132.1-9c-19.6-7.8-34.7-22.9-42.6-42.6-11.7-29.5-9-99.5-9-132.1s-2.6-102.7 9-132.1c7.8-19.6 22.9-34.7 42.6-42.6 29.5-11.7 99.5-9 132.1-9s102.7-2.6 132.1 9c19.6 7.8 34.7 22.9 42.6 42.6 11.7 29.5 9 99.5 9 132.1s2.7 102.7-9 132.1z\"><\/path><\/svg>\t\t\t\t\t\t<\/span>\n\t\t\t\t\t\t\t\t\t\t\t<\/a>\n\t\t\t\t<\/div>\n\t\t\t\t\t<\/div>\n\t\t\n\t\t<div class=\"e-link-in-bio__ctas has-type-button\">\n\t\t\t\t\t\t\t<a class=\"e-link-in-bio__cta is-type-button has-corners-rounded\" href=\"https:\/\/wa.me\/+33652673918\">\n\t\t\t\t\t\t\t\t\t\t<span class=\"e-link-in-bio__cta-text\">\n\t\t\t\t\t\tEnvoyez moi un WhatsApp\t\t\t\t\t<\/span>\n\t\t\t\t<\/a>\n\t\t\t\t\t\t\t<a class=\"e-link-in-bio__cta is-type-button has-corners-rounded\" href=\"mailto:sandravisentin@gmail.com?subject=R\u00e9servation%20massage&#038;body=Je%20souhaite%20des%20informations%20pour%20r\u00e9server%20un%20massage\">\n\t\t\t\t\t\t\t\t\t\t<span class=\"e-link-in-bio__cta-text\">\n\t\t\t\t\t\tEnvoyez moi un email\t\t\t\t\t<\/span>\n\t\t\t\t<\/a>\n\t\t\t\t\t\t\t<a class=\"e-link-in-bio__cta is-type-button has-corners-rounded\" href=\"tel:+33652673918\">\n\t\t\t\t\t\t\t\t\t\t<span class=\"e-link-in-bio__cta-text\">\n\t\t\t\t\t\tAppelez-moi\t\t\t\t\t<\/span>\n\t\t\t\t<\/a>\n\t\t\t\t\t<\/div>\n\t\t\n\t\t\t<\/div>\n\t\t\t<div class=\"e-link-in-bio__bg\">\n\t\t\t\t<div class=\"e-link-in-bio__bg-overlay\"><\/div>\n\t\t\t<\/div>\n\t\t<\/div>\n\t\t\t\t\t\t<\/div>\n\t\t\t\t<\/div>\n\t\t\t\t\t<\/div>\n\t\t<\/div>\n\t\t\t\t\t<\/div>\n\t\t<\/section>\n\t\t\t\t<section class=\"elementor-section elementor-top-section elementor-element elementor-element-4d9bddd7 elementor-section-content-middle elementor-section-boxed elementor-section-height-default elementor-section-height-default\" data-id=\"4d9bddd7\" data-element_type=\"section\" data-settings=\"{&quot;background_background&quot;:&quot;classic&quot;}\">\n\t\t\t\t\t\t<div class=\"elementor-container elementor-column-gap-default\">\n\t\t\t\t\t<div class=\"elementor-column elementor-col-50 elementor-top-column elementor-element elementor-element-491aa5ac\" data-id=\"491aa5ac\" data-element_type=\"column\" data-settings=\"{&quot;background_background&quot;:&quot;classic&quot;}\">\n\t\t\t<div class=\"elementor-widget-wrap elementor-element-populated\">\n\t\t\t\t\t\t<section class=\"elementor-section elementor-inner-section elementor-element elementor-element-8c21c3c elementor-section-boxed elementor-section-height-default elementor-section-height-default\" data-id=\"8c21c3c\" data-element_type=\"section\">\n\t\t\t\t\t\t<div class=\"elementor-container elementor-column-gap-default\">\n\t\t\t\t\t<div class=\"elementor-column elementor-col-100 elementor-inner-column elementor-element elementor-element-b23014f\" data-id=\"b23014f\" data-element_type=\"column\">\n\t\t\t<div class=\"elementor-widget-wrap\">\n\t\t\t\t\t\t\t<\/div>\n\t\t<\/div>\n\t\t\t\t\t<\/div>\n\t\t<\/section>\n\t\t\t\t<section class=\"elementor-section elementor-inner-section elementor-element elementor-element-58810c78 elementor-section-boxed elementor-section-height-default elementor-section-height-default\" data-id=\"58810c78\" data-element_type=\"section\">\n\t\t\t\t\t\t<div class=\"elementor-container elementor-column-gap-default\">\n\t\t\t\t\t<div class=\"elementor-column elementor-col-100 elementor-inner-column elementor-element elementor-element-4b1c6f00\" data-id=\"4b1c6f00\" data-element_type=\"column\">\n\t\t\t<div class=\"elementor-widget-wrap elementor-element-populated\">\n\t\t\t\t\t\t<div class=\"elementor-element elementor-element-b9a5484 elementor-widget elementor-widget-heading\" data-id=\"b9a5484\" data-element_type=\"widget\" data-widget_type=\"heading.default\">\n\t\t\t\t\t<h2 class=\"elementor-heading-title elementor-size-default\">Sur Megeve<\/h2>\t\t\t\t<\/div>\n\t\t\t\t<div class=\"elementor-element elementor-element-3d1d0a2 elementor-widget elementor-widget-heading\" data-id=\"3d1d0a2\" data-element_type=\"widget\" data-widget_type=\"heading.default\">\n\t\t\t\t\t<h5 class=\"elementor-heading-title elementor-size-default\">Je me d\u00e9place pour des massages sur Meg\u00e8ve est ses alentours :\n\nPraz sur Arly, Demi-quartier, Combloux, St Gervais, Sallanches, Domancy ...\n<\/h5>\t\t\t\t<\/div>\n\t\t\t\t\t<\/div>\n\t\t<\/div>\n\t\t\t\t\t<\/div>\n\t\t<\/section>\n\t\t\t\t<section class=\"elementor-section elementor-inner-section elementor-element elementor-element-61ddb8e elementor-section-boxed elementor-section-height-default elementor-section-height-default\" data-id=\"61ddb8e\" data-element_type=\"section\">\n\t\t\t\t\t\t<div class=\"elementor-container elementor-column-gap-default\">\n\t\t\t\t\t<div class=\"elementor-column elementor-col-100 elementor-inner-column elementor-element elementor-element-45ff9bf7\" data-id=\"45ff9bf7\" data-element_type=\"column\">\n\t\t\t<div class=\"elementor-widget-wrap elementor-element-populated\">\n\t\t\t\t\t\t<div class=\"elementor-element elementor-element-26b1e3ce elementor-widget elementor-widget-heading\" data-id=\"26b1e3ce\" data-element_type=\"widget\" data-widget_type=\"heading.default\">\n\t\t\t\t\t<h3 class=\"elementor-heading-title elementor-size-default\">T\u00e9l\u00e9phone<\/h3>\t\t\t\t<\/div>\n\t\t\t\t<div class=\"elementor-element elementor-element-9bcdc91 elementor-widget elementor-widget-text-editor\" data-id=\"9bcdc91\" data-element_type=\"widget\" data-widget_type=\"text-editor.default\">\n\t\t\t\t\t\t\t\t\t<p>+33 6 52 67 39 18<\/p>\t\t\t\t\t\t\t\t<\/div>\n\t\t\t\t\t<\/div>\n\t\t<\/div>\n\t\t\t\t\t<\/div>\n\t\t<\/section>\n\t\t\t\t\t<\/div>\n\t\t<\/div>\n\t\t\t\t<div class=\"elementor-column elementor-col-50 elementor-top-column elementor-element elementor-element-14960529\" data-id=\"14960529\" data-element_type=\"column\" data-settings=\"{&quot;background_background&quot;:&quot;classic&quot;}\">\n\t\t\t<div class=\"elementor-widget-wrap elementor-element-populated\">\n\t\t\t\t\t\t<section class=\"elementor-section elementor-inner-section elementor-element elementor-element-709f14af elementor-section-boxed elementor-section-height-default elementor-section-height-default\" data-id=\"709f14af\" data-element_type=\"section\">\n\t\t\t\t\t\t<div class=\"elementor-container elementor-column-gap-default\">\n\t\t\t\t\t<div class=\"elementor-column elementor-col-100 elementor-inner-column elementor-element elementor-element-1086d6f9\" data-id=\"1086d6f9\" data-element_type=\"column\">\n\t\t\t<div class=\"elementor-widget-wrap elementor-element-populated\">\n\t\t\t\t\t\t<div class=\"elementor-element elementor-element-650556bd elementor-widget elementor-widget-google_maps\" data-id=\"650556bd\" data-element_type=\"widget\" data-widget_type=\"google_maps.default\">\n\t\t\t\t\t\t\t<div class=\"elementor-custom-embed\">\n\t\t\t<iframe loading=\"lazy\"\n\t\t\t\t\tsrc=\"https:\/\/maps.google.com\/maps?q=Meg%C3%A8ve&#038;t=m&#038;z=12&#038;output=embed&#038;iwloc=near\"\n\t\t\t\t\ttitle=\"Meg\u00e8ve\"\n\t\t\t\t\taria-label=\"Meg\u00e8ve\"\n\t\t\t><\/iframe>\n\t\t<\/div>\n\t\t\t\t\t\t<\/div>\n\t\t\t\t\t<\/div>\n\t\t<\/div>\n\t\t\t\t\t<\/div>\n\t\t<\/section>\n\t\t\t\t\t<\/div>\n\t\t<\/div>\n\t\t\t\t\t<\/div>\n\t\t<\/section>\n\t\t\t\t<section class=\"elementor-section elementor-top-section elementor-element elementor-element-84042ea elementor-section-content-middle elementor-section-boxed elementor-section-height-default elementor-section-height-default\" data-id=\"84042ea\" data-element_type=\"section\" data-settings=\"{&quot;background_background&quot;:&quot;classic&quot;}\">\n\t\t\t\t\t\t<div class=\"elementor-container elementor-column-gap-default\">\n\t\t\t\t\t<div class=\"elementor-column elementor-col-50 elementor-top-column elementor-element elementor-element-4afb7e7\" data-id=\"4afb7e7\" data-element_type=\"column\" data-settings=\"{&quot;background_background&quot;:&quot;classic&quot;}\">\n\t\t\t<div class=\"elementor-widget-wrap elementor-element-populated\">\n\t\t\t\t\t\t<section class=\"elementor-section elementor-inner-section elementor-element elementor-element-d8b4a4a elementor-section-boxed elementor-section-height-default elementor-section-height-default\" data-id=\"d8b4a4a\" data-element_type=\"section\">\n\t\t\t\t\t\t<div class=\"elementor-container elementor-column-gap-default\">\n\t\t\t\t\t<div class=\"elementor-column elementor-col-100 elementor-inner-column elementor-element elementor-element-4c0274c\" data-id=\"4c0274c\" data-element_type=\"column\">\n\t\t\t<div class=\"elementor-widget-wrap elementor-element-populated\">\n\t\t\t\t\t\t<div class=\"elementor-element elementor-element-442801f elementor-widget elementor-widget-heading\" data-id=\"442801f\" data-element_type=\"widget\" data-widget_type=\"heading.default\">\n\t\t\t\t\t<h2 class=\"elementor-heading-title elementor-size-default\">Sur Biarritz<\/h2>\t\t\t\t<\/div>\n\t\t\t\t<div class=\"elementor-element elementor-element-18ffffd elementor-widget elementor-widget-heading\" data-id=\"18ffffd\" data-element_type=\"widget\" data-widget_type=\"heading.default\">\n\t\t\t\t\t<h5 class=\"elementor-heading-title elementor-size-default\">Je me d\u00e9place \u00e0 domicile sur tout le BAB pour des massages \u00e0 Biarritz, Anglet et Bayonne<\/h5>\t\t\t\t<\/div>\n\t\t\t\t\t<\/div>\n\t\t<\/div>\n\t\t\t\t\t<\/div>\n\t\t<\/section>\n\t\t\t\t<section class=\"elementor-section elementor-inner-section elementor-element elementor-element-d077ca7 elementor-section-boxed elementor-section-height-default elementor-section-height-default\" data-id=\"d077ca7\" data-element_type=\"section\">\n\t\t\t\t\t\t<div class=\"elementor-container elementor-column-gap-default\">\n\t\t\t\t\t<div class=\"elementor-column elementor-col-100 elementor-inner-column elementor-element elementor-element-f1ebb75\" data-id=\"f1ebb75\" data-element_type=\"column\">\n\t\t\t<div class=\"elementor-widget-wrap elementor-element-populated\">\n\t\t\t\t\t\t<div class=\"elementor-element elementor-element-6b258cc elementor-widget elementor-widget-heading\" data-id=\"6b258cc\" data-element_type=\"widget\" data-widget_type=\"heading.default\">\n\t\t\t\t\t<h3 class=\"elementor-heading-title elementor-size-default\">T\u00e9l\u00e9phone<\/h3>\t\t\t\t<\/div>\n\t\t\t\t<div class=\"elementor-element elementor-element-465802c elementor-widget elementor-widget-text-editor\" data-id=\"465802c\" data-element_type=\"widget\" data-widget_type=\"text-editor.default\">\n\t\t\t\t\t\t\t\t\t<p>+33 6 52 67 39 18<\/p>\t\t\t\t\t\t\t\t<\/div>\n\t\t\t\t\t<\/div>\n\t\t<\/div>\n\t\t\t\t\t<\/div>\n\t\t<\/section>\n\t\t\t\t\t<\/div>\n\t\t<\/div>\n\t\t\t\t<div class=\"elementor-column elementor-col-50 elementor-top-column elementor-element elementor-element-84ce979\" data-id=\"84ce979\" data-element_type=\"column\" data-settings=\"{&quot;background_background&quot;:&quot;classic&quot;}\">\n\t\t\t<div class=\"elementor-widget-wrap elementor-element-populated\">\n\t\t\t\t\t\t<section class=\"elementor-section elementor-inner-section elementor-element elementor-element-e1b6d90 elementor-section-boxed elementor-section-height-default elementor-section-height-default\" data-id=\"e1b6d90\" data-element_type=\"section\">\n\t\t\t\t\t\t<div class=\"elementor-container elementor-column-gap-default\">\n\t\t\t\t\t<div class=\"elementor-column elementor-col-100 elementor-inner-column elementor-element elementor-element-5131919\" data-id=\"5131919\" data-element_type=\"column\">\n\t\t\t<div class=\"elementor-widget-wrap elementor-element-populated\">\n\t\t\t\t\t\t<div class=\"elementor-element elementor-element-ed4037f elementor-widget elementor-widget-google_maps\" data-id=\"ed4037f\" data-element_type=\"widget\" data-widget_type=\"google_maps.default\">\n\t\t\t\t\t\t\t<div class=\"elementor-custom-embed\">\n\t\t\t<iframe loading=\"lazy\"\n\t\t\t\t\tsrc=\"https:\/\/maps.google.com\/maps?q=Biarritz&#038;t=m&#038;z=12&#038;output=embed&#038;iwloc=near\"\n\t\t\t\t\ttitle=\"Biarritz\"\n\t\t\t\t\taria-label=\"Biarritz\"\n\t\t\t><\/iframe>\n\t\t<\/div>\n\t\t\t\t\t\t<\/div>\n\t\t\t\t\t<\/div>\n\t\t<\/div>\n\t\t\t\t\t<\/div>\n\t\t<\/section>\n\t\t\t\t\t<\/div>\n\t\t<\/div>\n\t\t\t\t\t<\/div>\n\t\t<\/section>\n\t\t\t\t<\/div>\n\t\t","protected":false},"excerpt":{"rendered":"<p>Sandra Visentin Massoth\u00e9rapeute +33 6 52 67 39 18 sandravisentin@gmail.com Envoyez moi un WhatsApp Envoyez moi un email Appelez-moi Sur Megeve Je me d\u00e9place pour des massages sur Meg\u00e8ve est ses alentours : Praz sur Arly, Demi-quartier, Combloux, St Gervais, Sallanches, Domancy &#8230; T\u00e9l\u00e9phone +33 6 52 67 39 18 Sur Biarritz Je me d\u00e9place \u00e0 domicile sur tout le BAB pour des massages \u00e0 Biarritz, Anglet et Bayonne T\u00e9l\u00e9phone +33 6 52 67 39 18<\/p>\n","protected":false},"author":1,"featured_media":0,"parent":0,"menu_order":0,"comment_status":"closed","ping_status":"closed","template":"template-parts\/template-page-builders.php","meta":{"footnotes":""},"class_list":["post-48","page","type-page","status-publish","hentry"],"_links":{"self":[{"href":"https:\/\/www.massage-sandra.com\/index.php\/wp-json\/wp\/v2\/pages\/48","targetHints":{"allow":["GET"]}}],"collection":[{"href":"https:\/\/www.massage-sandra.com\/index.php\/wp-json\/wp\/v2\/pages"}],"about":[{"href":"https:\/\/www.massage-sandra.com\/index.php\/wp-json\/wp\/v2\/types\/page"}],"author":[{"embeddable":true,"href":"https:\/\/www.massage-sandra.com\/index.php\/wp-json\/wp\/v2\/users\/1"}],"replies":[{"embeddable":true,"href":"https:\/\/www.massage-sandra.com\/index.php\/wp-json\/wp\/v2\/comments?post=48"}],"version-history":[{"count":19,"href":"https:\/\/www.massage-sandra.com\/index.php\/wp-json\/wp\/v2\/pages\/48\/revisions"}],"predecessor-version":[{"id":909,"href":"https:\/\/www.massage-sandra.com\/index.php\/wp-json\/wp\/v2\/pages\/48\/revisions\/909"}],"wp:attachment":[{"href":"https:\/\/www.massage-sandra.com\/index.php\/wp-json\/wp\/v2\/media?parent=48"}],"curies":[{"name":"wp","href":"https:\/\/api.w.org\/{rel}","templated":true}]}}