{"id":1032,"date":"2026-01-26T11:08:26","date_gmt":"2026-01-26T11:08:26","guid":{"rendered":"https:\/\/www.massage-sandra.com\/?page_id=1032"},"modified":"2026-01-27T08:13:17","modified_gmt":"2026-01-27T08:13:17","slug":"mes-massages","status":"publish","type":"page","link":"https:\/\/www.massage-sandra.com\/index.php\/mes-massages\/","title":{"rendered":"Mes massages"},"content":{"rendered":"\t\t<div data-elementor-type=\"wp-post\" data-elementor-id=\"1032\" class=\"elementor elementor-1032\">\n\t\t\t\t\t\t<section class=\"elementor-section elementor-top-section elementor-element elementor-element-224b9b6 elementor-section-full_width elementor-section-height-default elementor-section-height-default\" data-id=\"224b9b6\" data-element_type=\"section\" data-settings=\"{&quot;background_background&quot;:&quot;classic&quot;,&quot;shape_divider_bottom&quot;:&quot;tilt&quot;}\">\n\t\t\t\t\t\t\t<div class=\"elementor-background-overlay\"><\/div>\n\t\t\t\t\t\t<div class=\"elementor-shape elementor-shape-bottom\" aria-hidden=\"true\" data-negative=\"false\">\n\t\t\t<svg xmlns=\"http:\/\/www.w3.org\/2000\/svg\" viewBox=\"0 0 1000 100\" preserveAspectRatio=\"none\">\n\t<path class=\"elementor-shape-fill\" d=\"M0,6V0h1000v100L0,6z\"\/>\n<\/svg>\t\t<\/div>\n\t\t\t\t\t<div class=\"elementor-container elementor-column-gap-default\">\n\t\t\t\t\t<div class=\"elementor-column elementor-col-100 elementor-top-column elementor-element elementor-element-d0f980b\" data-id=\"d0f980b\" data-element_type=\"column\">\n\t\t\t<div class=\"elementor-widget-wrap elementor-element-populated\">\n\t\t\t\t\t\t<section class=\"elementor-section elementor-inner-section elementor-element elementor-element-231d5ba elementor-section-boxed elementor-section-height-default elementor-section-height-default\" data-id=\"231d5ba\" data-element_type=\"section\">\n\t\t\t\t\t\t<div class=\"elementor-container elementor-column-gap-default\">\n\t\t\t\t\t<div class=\"elementor-column elementor-col-100 elementor-inner-column elementor-element elementor-element-2c9489b\" data-id=\"2c9489b\" data-element_type=\"column\">\n\t\t\t<div class=\"elementor-widget-wrap elementor-element-populated\">\n\t\t\t\t\t\t<div class=\"elementor-element elementor-element-2d06514 elementor-widget elementor-widget-heading\" data-id=\"2d06514\" data-element_type=\"widget\" data-widget_type=\"heading.default\">\n\t\t\t\t\t<h2 class=\"elementor-heading-title elementor-size-default\">MES MASSAGES<\/h2>\t\t\t\t<\/div>\n\t\t\t\t<div class=\"elementor-element elementor-element-e02ce18 elementor-widget elementor-widget-heading\" data-id=\"e02ce18\" data-element_type=\"widget\" data-widget_type=\"heading.default\">\n\t\t\t\t\t<h2 class=\"elementor-heading-title elementor-size-default\">D\u00e9couvrez mes soins et massages<\/h2>\t\t\t\t<\/div>\n\t\t\t\t\t<\/div>\n\t\t<\/div>\n\t\t\t\t\t<\/div>\n\t\t<\/section>\n\t\t\t\t\t<\/div>\n\t\t<\/div>\n\t\t\t\t\t<\/div>\n\t\t<\/section>\n\t\t<div class=\"elementor-element elementor-element-b436831 e-flex e-con-boxed e-con e-parent\" data-id=\"b436831\" data-element_type=\"container\">\n\t\t\t\t\t<div class=\"e-con-inner\">\n\t\t<div class=\"elementor-element elementor-element-0c09cbc e-con-full e-flex e-con e-child\" data-id=\"0c09cbc\" data-element_type=\"container\">\n\t\t\t\t<div class=\"elementor-element elementor-element-a6d1f43 elementor-widget elementor-widget-image\" data-id=\"a6d1f43\" data-element_type=\"widget\" data-widget_type=\"image.default\">\n\t\t\t\t\t\t\t\t\t\t\t\t\t\t\t<img decoding=\"async\" src=\"https:\/\/www.massage-sandra.com\/wp-content\/uploads\/2026\/01\/AdobeStock_204224749-copie-scaled-e1769426636688.jpg\" title=\"Young beautiful Asian woman sleep relaxing in the Oil spa massage in salon. Select focus hand of masseuse\" alt=\"Young beautiful Asian woman sleep relaxing in the Oil spa massage in salon. Select focus hand of masseuse\" loading=\"lazy\" \/>\t\t\t\t\t\t\t\t\t\t\t\t\t\t\t<\/div>\n\t\t\t\t<\/div>\n\t\t<div class=\"elementor-element elementor-element-9a68506 e-con-full e-flex elementor-invisible e-con e-child\" data-id=\"9a68506\" data-element_type=\"container\" data-settings=\"{&quot;animation&quot;:&quot;fadeInLeft&quot;}\">\n\t\t\t\t<div class=\"elementor-element elementor-element-9c392b6 elementor-widget elementor-widget-text-editor\" data-id=\"9c392b6\" data-element_type=\"widget\" data-widget_type=\"text-editor.default\">\n\t\t\t\t\t\t\t\t\t<h2>MASSAGE RELAXANT<\/h2><p>Un massage enveloppant et doux, qui utilise des mouvements longs et fluides pour apaiser le corps et l\u2019esprit. Id\u00e9al pour rel\u00e2cher les tensions, r\u00e9duire le stress et retrouver une profonde sensation de d\u00e9tente.<\/p>\t\t\t\t\t\t\t\t<\/div>\n\t\t\t\t<\/div>\n\t\t\t\t\t<\/div>\n\t\t\t\t<\/div>\n\t\t<div class=\"elementor-element elementor-element-0c7a80f e-flex e-con-boxed e-con e-parent\" data-id=\"0c7a80f\" data-element_type=\"container\">\n\t\t\t\t\t<div class=\"e-con-inner\">\n\t\t<div class=\"elementor-element elementor-element-0bd5f02 e-con-full e-flex e-con e-child\" data-id=\"0bd5f02\" data-element_type=\"container\">\n\t\t\t\t<div class=\"elementor-element elementor-element-0f081e1 elementor-widget elementor-widget-image\" data-id=\"0f081e1\" data-element_type=\"widget\" data-widget_type=\"image.default\">\n\t\t\t\t\t\t\t\t\t\t\t\t\t\t\t<img decoding=\"async\" src=\"https:\/\/www.massage-sandra.com\/wp-content\/uploads\/2026\/01\/AdobeStock_247580056-scaled-e1769426672966.jpeg\" title=\"Man getting a massage\" alt=\"Young man lying with his eyes closed and masseuse doing massage on his back in spa salon\" loading=\"lazy\" \/>\t\t\t\t\t\t\t\t\t\t\t\t\t\t\t<\/div>\n\t\t\t\t<\/div>\n\t\t<div class=\"elementor-element elementor-element-8092530 e-con-full e-flex elementor-invisible e-con e-child\" data-id=\"8092530\" data-element_type=\"container\" data-settings=\"{&quot;animation&quot;:&quot;fadeInLeft&quot;}\">\n\t\t\t\t<div class=\"elementor-element elementor-element-7ad8afe elementor-widget elementor-widget-text-editor\" data-id=\"7ad8afe\" data-element_type=\"widget\" data-widget_type=\"text-editor.default\">\n\t\t\t\t\t\t\t\t\t<h2>MASSAGE SPORTIF<\/h2><p>Un massage tonique et dynamique, qui travaille en profondeur les muscles pour am\u00e9liorer la circulation, favoriser la r\u00e9cup\u00e9ration et pr\u00e9parer le corps \u00e0 l\u2019effort. Parfait pour les sportifs et les personnes actives.<\/p>\t\t\t\t\t\t\t\t<\/div>\n\t\t\t\t<\/div>\n\t\t\t\t\t<\/div>\n\t\t\t\t<\/div>\n\t\t<div class=\"elementor-element elementor-element-7fa28ce e-flex e-con-boxed e-con e-parent\" data-id=\"7fa28ce\" data-element_type=\"container\">\n\t\t\t\t\t<div class=\"e-con-inner\">\n\t\t<div class=\"elementor-element elementor-element-bee8166 e-con-full e-flex e-con e-child\" data-id=\"bee8166\" data-element_type=\"container\">\n\t\t\t\t<div class=\"elementor-element elementor-element-003c698 elementor-widget elementor-widget-image\" data-id=\"003c698\" data-element_type=\"widget\" data-widget_type=\"image.default\">\n\t\t\t\t\t\t\t\t\t\t\t\t\t\t\t<img decoding=\"async\" src=\"https:\/\/www.massage-sandra.com\/wp-content\/uploads\/2026\/01\/IMG_8170-scaled-e1769426607666.jpg\" title=\"IMG_8170\" alt=\"IMG_8170\" loading=\"lazy\" \/>\t\t\t\t\t\t\t\t\t\t\t\t\t\t\t<\/div>\n\t\t\t\t<\/div>\n\t\t<div class=\"elementor-element elementor-element-64e9e9b e-con-full e-flex elementor-invisible e-con e-child\" data-id=\"64e9e9b\" data-element_type=\"container\" data-settings=\"{&quot;animation&quot;:&quot;fadeInLeft&quot;}\">\n\t\t\t\t<div class=\"elementor-element elementor-element-2e30c49 elementor-widget elementor-widget-text-editor\" data-id=\"2e30c49\" data-element_type=\"widget\" data-widget_type=\"text-editor.default\">\n\t\t\t\t\t\t\t\t\t<h2>KOBIDO<\/h2><p>Technique ancestrale de lifting naturel, le KOBIDO stimule les muscles du visage, am\u00e9liore la circulation sanguine et redonne \u00e9clat et tonicit\u00e9 \u00e0 la peau.<br \/>Un soin beaut\u00e9 et d\u00e9tente \u00e0 la fois.<\/p>\t\t\t\t\t\t\t\t<\/div>\n\t\t\t\t<\/div>\n\t\t\t\t\t<\/div>\n\t\t\t\t<\/div>\n\t\t<div class=\"elementor-element elementor-element-1bc3373 e-flex e-con-boxed e-con e-parent\" data-id=\"1bc3373\" data-element_type=\"container\">\n\t\t\t\t\t<div class=\"e-con-inner\">\n\t\t<div class=\"elementor-element elementor-element-632e2bb e-con-full e-flex e-con e-child\" data-id=\"632e2bb\" data-element_type=\"container\">\n\t\t\t\t<div class=\"elementor-element elementor-element-aeaa59a elementor-widget elementor-widget-image\" data-id=\"aeaa59a\" data-element_type=\"widget\" data-widget_type=\"image.default\">\n\t\t\t\t\t\t\t\t\t\t\t\t\t\t\t<img decoding=\"async\" src=\"https:\/\/www.massage-sandra.com\/wp-content\/uploads\/2026\/01\/IMG_7606-002-e1769426576116.jpg\" title=\"IMG_7606-002\" alt=\"IMG_7606-002\" loading=\"lazy\" \/>\t\t\t\t\t\t\t\t\t\t\t\t\t\t\t<\/div>\n\t\t\t\t<\/div>\n\t\t<div class=\"elementor-element elementor-element-1cc9c5a e-con-full e-flex elementor-invisible e-con e-child\" data-id=\"1cc9c5a\" data-element_type=\"container\" data-settings=\"{&quot;animation&quot;:&quot;fadeInLeft&quot;}\">\n\t\t\t\t<div class=\"elementor-element elementor-element-60f09ba elementor-widget elementor-widget-text-editor\" data-id=\"60f09ba\" data-element_type=\"widget\" data-widget_type=\"text-editor.default\">\n\t\t\t\t\t\t\t\t\t<h2>MASSAGE DU CR\u00c2NE<\/h2><p>Cette technique cibl\u00e9e agit sur les muscles du dos, de la nuque, des \u00e9paules et du cuir chevelu afin de rel\u00e2cher les tensions accumul\u00e9es. Elle favorise une profonde d\u00e9tente, soulage les douleurs li\u00e9es au stress et am\u00e9liore la circulation \u00e9nerg\u00e9tique.<\/p>\t\t\t\t\t\t\t\t<\/div>\n\t\t\t\t<\/div>\n\t\t\t\t\t<\/div>\n\t\t\t\t<\/div>\n\t\t<div class=\"elementor-element elementor-element-ebb3d8e e-flex e-con-boxed e-con e-parent\" data-id=\"ebb3d8e\" data-element_type=\"container\">\n\t\t\t\t\t<div class=\"e-con-inner\">\n\t\t<div class=\"elementor-element elementor-element-bf13fca e-con-full e-flex e-con e-child\" data-id=\"bf13fca\" data-element_type=\"container\">\n\t\t\t\t<div class=\"elementor-element elementor-element-181c229 elementor-widget elementor-widget-image\" data-id=\"181c229\" data-element_type=\"widget\" data-widget_type=\"image.default\">\n\t\t\t\t\t\t\t\t\t\t\t\t\t\t\t<img fetchpriority=\"high\" decoding=\"async\" width=\"500\" height=\"300\" src=\"https:\/\/www.massage-sandra.com\/wp-content\/uploads\/2026\/01\/IMG_8204-scaled-e1769426537457.jpg\" class=\"attachment-full size-full wp-image-1069\" alt=\"\" srcset=\"https:\/\/www.massage-sandra.com\/wp-content\/uploads\/2026\/01\/IMG_8204-scaled-e1769426537457.jpg 500w, https:\/\/www.massage-sandra.com\/wp-content\/uploads\/2026\/01\/IMG_8204-scaled-e1769426537457-300x180.jpg 300w\" sizes=\"(max-width: 500px) 100vw, 500px\" \/>\t\t\t\t\t\t\t\t\t\t\t\t\t\t\t<\/div>\n\t\t\t\t<\/div>\n\t\t<div class=\"elementor-element elementor-element-072b934 e-con-full e-flex elementor-invisible e-con e-child\" data-id=\"072b934\" data-element_type=\"container\" data-settings=\"{&quot;animation&quot;:&quot;fadeInLeft&quot;}\">\n\t\t\t\t<div class=\"elementor-element elementor-element-44d6eeb elementor-widget elementor-widget-text-editor\" data-id=\"44d6eeb\" data-element_type=\"widget\" data-widget_type=\"text-editor.default\">\n\t\t\t\t\t\t\t\t\t<h2>DEEP TISSUE<\/h2><p>Massage profond qui cible les tensions musculaires chroniques et les douleurs, en appliquant des pressions lentes et intenses. Recommand\u00e9 pour les sportifs ou les personnes avec des contractures importantes.<\/p>\t\t\t\t\t\t\t\t<\/div>\n\t\t\t\t<\/div>\n\t\t\t\t\t<\/div>\n\t\t\t\t<\/div>\n\t\t<div class=\"elementor-element elementor-element-0d2db8d e-flex e-con-boxed e-con e-parent\" data-id=\"0d2db8d\" data-element_type=\"container\">\n\t\t\t\t\t<div class=\"e-con-inner\">\n\t\t<div class=\"elementor-element elementor-element-58ed2c2 e-con-full e-flex e-con e-child\" data-id=\"58ed2c2\" data-element_type=\"container\">\n\t\t\t\t<div class=\"elementor-element elementor-element-21893ae elementor-widget elementor-widget-image\" data-id=\"21893ae\" data-element_type=\"widget\" data-widget_type=\"image.default\">\n\t\t\t\t\t\t\t\t\t\t\t\t\t\t\t<img decoding=\"async\" width=\"500\" height=\"300\" src=\"https:\/\/www.massage-sandra.com\/wp-content\/uploads\/2026\/01\/IMG_8187-scaled-e1769426499499.jpg\" class=\"attachment-full size-full wp-image-1068\" alt=\"\" srcset=\"https:\/\/www.massage-sandra.com\/wp-content\/uploads\/2026\/01\/IMG_8187-scaled-e1769426499499.jpg 500w, https:\/\/www.massage-sandra.com\/wp-content\/uploads\/2026\/01\/IMG_8187-scaled-e1769426499499-300x180.jpg 300w\" sizes=\"(max-width: 500px) 100vw, 500px\" \/>\t\t\t\t\t\t\t\t\t\t\t\t\t\t\t<\/div>\n\t\t\t\t<\/div>\n\t\t<div class=\"elementor-element elementor-element-17a488d e-con-full e-flex elementor-invisible e-con e-child\" data-id=\"17a488d\" data-element_type=\"container\" data-settings=\"{&quot;animation&quot;:&quot;fadeInLeft&quot;}\">\n\t\t\t\t<div class=\"elementor-element elementor-element-cc53d7f elementor-widget elementor-widget-text-editor\" data-id=\"cc53d7f\" data-element_type=\"widget\" data-widget_type=\"text-editor.default\">\n\t\t\t\t\t\t\t\t\t<h2>R\u00c9FLEXOLOGIE PLANTAIRE THA\u00cf<\/h2><p>Cette pratique traditionnelle tha\u00eflandaise stimule les points r\u00e9flexes des pieds pour r\u00e9\u00e9quilibrer l\u2019ensemble du corps. Elle procure relaxation, am\u00e9lioration de la circulation et soulagement des tensions internes.<\/p>\t\t\t\t\t\t\t\t<\/div>\n\t\t\t\t<\/div>\n\t\t\t\t\t<\/div>\n\t\t\t\t<\/div>\n\t\t<div class=\"elementor-element elementor-element-946c205 e-flex e-con-boxed e-con e-parent\" data-id=\"946c205\" data-element_type=\"container\">\n\t\t\t\t\t<div class=\"e-con-inner\">\n\t\t<div class=\"elementor-element elementor-element-579a85d e-con-full e-flex e-con e-child\" data-id=\"579a85d\" data-element_type=\"container\">\n\t\t\t\t<div class=\"elementor-element elementor-element-5bef253 elementor-widget elementor-widget-image\" data-id=\"5bef253\" data-element_type=\"widget\" data-widget_type=\"image.default\">\n\t\t\t\t\t\t\t\t\t\t\t\t\t\t\t<img decoding=\"async\" src=\"https:\/\/www.massage-sandra.com\/wp-content\/uploads\/2026\/01\/Gemini_Generated_Image_bwxivibwxivibwxi-e1769426726360.jpeg\" title=\"Gemini_Generated_Image_bwxivibwxivibwxi\" alt=\"Gemini_Generated_Image_bwxivibwxivibwxi\" loading=\"lazy\" \/>\t\t\t\t\t\t\t\t\t\t\t\t\t\t\t<\/div>\n\t\t\t\t<\/div>\n\t\t<div class=\"elementor-element elementor-element-e9b22dc e-con-full e-flex elementor-invisible e-con e-child\" data-id=\"e9b22dc\" data-element_type=\"container\" data-settings=\"{&quot;animation&quot;:&quot;fadeInLeft&quot;}\">\n\t\t\t\t<div class=\"elementor-element elementor-element-5853c5d elementor-widget elementor-widget-text-editor\" data-id=\"5853c5d\" data-element_type=\"widget\" data-widget_type=\"text-editor.default\">\n\t\t\t\t\t\t\t\t\t<h2>MASSAGE AUX PIERRES CHAUDES<\/h2><p>Ce massage utilise des pierres volcaniques chauff\u00e9es, pos\u00e9es et gliss\u00e9es sur le corps pour d\u00e9tendre profond\u00e9ment les muscles, am\u00e9liorer la circulation et favoriser une relaxation intense.<\/p>\t\t\t\t\t\t\t\t<\/div>\n\t\t\t\t<\/div>\n\t\t\t\t\t<\/div>\n\t\t\t\t<\/div>\n\t\t<div class=\"elementor-element elementor-element-7866eb4 e-flex e-con-boxed e-con e-parent\" data-id=\"7866eb4\" data-element_type=\"container\">\n\t\t\t\t\t<div class=\"e-con-inner\">\n\t\t<div class=\"elementor-element elementor-element-4de4f91 e-con-full e-flex e-con e-child\" data-id=\"4de4f91\" data-element_type=\"container\">\n\t\t\t\t<div class=\"elementor-element elementor-element-648514a elementor-widget elementor-widget-image\" data-id=\"648514a\" data-element_type=\"widget\" data-widget_type=\"image.default\">\n\t\t\t\t\t\t\t\t\t\t\t\t\t\t\t<img decoding=\"async\" src=\"https:\/\/www.massage-sandra.com\/wp-content\/uploads\/2026\/01\/Gemini_Generated_Image_fvyg0ffvyg0ffvyg-e1769426760284.jpeg\" title=\"Gemini_Generated_Image_fvyg0ffvyg0ffvyg\" alt=\"Gemini_Generated_Image_fvyg0ffvyg0ffvyg\" loading=\"lazy\" \/>\t\t\t\t\t\t\t\t\t\t\t\t\t\t\t<\/div>\n\t\t\t\t<\/div>\n\t\t<div class=\"elementor-element elementor-element-38105c2 e-con-full e-flex elementor-invisible e-con e-child\" data-id=\"38105c2\" data-element_type=\"container\" data-settings=\"{&quot;animation&quot;:&quot;fadeInLeft&quot;}\">\n\t\t\t\t<div class=\"elementor-element elementor-element-fdbc654 elementor-widget elementor-widget-text-editor\" data-id=\"fdbc654\" data-element_type=\"widget\" data-widget_type=\"text-editor.default\">\n\t\t\t\t\t\t\t\t\t<h2>MASSAGE EN DUO<\/h2><p>Vivez un moment de d\u00e9tente partag\u00e9, \u00e0 deux, gr\u00e2ce \u00e0 un massage synchronis\u00e9 r\u00e9alis\u00e9 par deux praticiens. Une exp\u00e9rience harmonieuse, id\u00e9ale en couple, entre amis ou en famille.<\/p>\t\t\t\t\t\t\t\t<\/div>\n\t\t\t\t<\/div>\n\t\t\t\t\t<\/div>\n\t\t\t\t<\/div>\n\t\t<div class=\"elementor-element elementor-element-724e31f e-flex e-con-boxed e-con e-parent\" data-id=\"724e31f\" data-element_type=\"container\">\n\t\t\t\t\t<div class=\"e-con-inner\">\n\t\t<div class=\"elementor-element elementor-element-973edc5 e-con-full e-flex e-con e-child\" data-id=\"973edc5\" data-element_type=\"container\">\n\t\t\t\t<div class=\"elementor-element elementor-element-a5629c8 elementor-widget elementor-widget-image\" data-id=\"a5629c8\" data-element_type=\"widget\" data-widget_type=\"image.default\">\n\t\t\t\t\t\t\t\t\t\t\t\t\t\t\t<img decoding=\"async\" src=\"https:\/\/www.massage-sandra.com\/wp-content\/uploads\/2026\/01\/Gemini_Generated_Image_ntb995ntb995ntb9-e1769426795511.jpeg\" title=\"Gemini_Generated_Image_ntb995ntb995ntb9\" alt=\"Gemini_Generated_Image_ntb995ntb995ntb9\" loading=\"lazy\" \/>\t\t\t\t\t\t\t\t\t\t\t\t\t\t\t<\/div>\n\t\t\t\t<\/div>\n\t\t<div class=\"elementor-element elementor-element-6b2f66b e-con-full e-flex elementor-invisible e-con e-child\" data-id=\"6b2f66b\" data-element_type=\"container\" data-settings=\"{&quot;animation&quot;:&quot;fadeInLeft&quot;}\">\n\t\t\t\t<div class=\"elementor-element elementor-element-90acceb elementor-widget elementor-widget-text-editor\" data-id=\"90acceb\" data-element_type=\"widget\" data-widget_type=\"text-editor.default\">\n\t\t\t\t\t\t\t\t\t<h2>MASSAGE SUR MESURE<\/h2><p>Chaque corps est unique, c\u2019est pourquoi je vous propose un massage personnalis\u00e9.<br \/>\u00c0 l\u2019\u00e9coute de votre corps, je choisis les techniques, la pression et la dur\u00e9e qui vous conviennent le mieux, pour un massage efficace et profond\u00e9ment relaxant.<\/p>\t\t\t\t\t\t\t\t<\/div>\n\t\t\t\t<\/div>\n\t\t\t\t\t<\/div>\n\t\t\t\t<\/div>\n\t\t\t\t<section class=\"elementor-section elementor-top-section elementor-element elementor-element-5bbc835 elementor-section-content-middle elementor-section-boxed elementor-section-height-default elementor-section-height-default\" data-id=\"5bbc835\" data-element_type=\"section\" data-settings=\"{&quot;background_background&quot;:&quot;classic&quot;,&quot;shape_divider_top&quot;:&quot;tilt&quot;}\">\n\t\t\t\t\t\t\t<div class=\"elementor-background-overlay\"><\/div>\n\t\t\t\t\t\t<div class=\"elementor-shape elementor-shape-top\" aria-hidden=\"true\" data-negative=\"false\">\n\t\t\t<svg xmlns=\"http:\/\/www.w3.org\/2000\/svg\" viewBox=\"0 0 1000 100\" preserveAspectRatio=\"none\">\n\t<path class=\"elementor-shape-fill\" d=\"M0,6V0h1000v100L0,6z\"\/>\n<\/svg>\t\t<\/div>\n\t\t\t\t\t<div class=\"elementor-container elementor-column-gap-default\">\n\t\t\t\t\t<div class=\"elementor-column elementor-col-100 elementor-top-column elementor-element elementor-element-c9da9d1\" data-id=\"c9da9d1\" data-element_type=\"column\">\n\t\t\t<div class=\"elementor-widget-wrap\">\n\t\t\t\t\t\t\t<\/div>\n\t\t<\/div>\n\t\t\t\t\t<\/div>\n\t\t<\/section>\n\t\t\t\t<\/div>\n\t\t","protected":false},"excerpt":{"rendered":"<p>MES MASSAGES D\u00e9couvrez mes soins et massages MASSAGE RELAXANT Un massage enveloppant et doux, qui utilise des mouvements longs et fluides pour apaiser le corps et l\u2019esprit. Id\u00e9al pour rel\u00e2cher les tensions, r\u00e9duire le stress et retrouver une profonde sensation de d\u00e9tente. MASSAGE SPORTIF Un massage tonique et dynamique, qui travaille en profondeur les muscles pour am\u00e9liorer la circulation, favoriser la r\u00e9cup\u00e9ration et pr\u00e9parer le corps \u00e0 l\u2019effort. Parfait pour les sportifs et les personnes actives. KOBIDO Technique ancestrale de lifting naturel, le KOBIDO stimule les muscles du visage, am\u00e9liore la circulation sanguine et redonne \u00e9clat et tonicit\u00e9 \u00e0 la peau.Un soin beaut\u00e9 et d\u00e9tente \u00e0 la fois. MASSAGE DU CR\u00c2NE Cette technique cibl\u00e9e agit sur les muscles&hellip;<\/p>\n","protected":false},"author":1,"featured_media":0,"parent":0,"menu_order":0,"comment_status":"closed","ping_status":"closed","template":"template-parts\/template-page-builders.php","meta":{"footnotes":""},"class_list":["post-1032","page","type-page","status-publish","hentry"],"_links":{"self":[{"href":"https:\/\/www.massage-sandra.com\/index.php\/wp-json\/wp\/v2\/pages\/1032","targetHints":{"allow":["GET"]}}],"collection":[{"href":"https:\/\/www.massage-sandra.com\/index.php\/wp-json\/wp\/v2\/pages"}],"about":[{"href":"https:\/\/www.massage-sandra.com\/index.php\/wp-json\/wp\/v2\/types\/page"}],"author":[{"embeddable":true,"href":"https:\/\/www.massage-sandra.com\/index.php\/wp-json\/wp\/v2\/users\/1"}],"replies":[{"embeddable":true,"href":"https:\/\/www.massage-sandra.com\/index.php\/wp-json\/wp\/v2\/comments?post=1032"}],"version-history":[{"count":25,"href":"https:\/\/www.massage-sandra.com\/index.php\/wp-json\/wp\/v2\/pages\/1032\/revisions"}],"predecessor-version":[{"id":1094,"href":"https:\/\/www.massage-sandra.com\/index.php\/wp-json\/wp\/v2\/pages\/1032\/revisions\/1094"}],"wp:attachment":[{"href":"https:\/\/www.massage-sandra.com\/index.php\/wp-json\/wp\/v2\/media?parent=1032"}],"curies":[{"name":"wp","href":"https:\/\/api.w.org\/{rel}","templated":true}]}}